{"id":39,"date":"2021-06-16T09:23:26","date_gmt":"2021-06-16T09:23:26","guid":{"rendered":"https:\/\/avosordis.com\/?page_id=39"},"modified":"2022-01-28T15:47:39","modified_gmt":"2022-01-28T15:47:39","slug":"accueil","status":"publish","type":"page","link":"https:\/\/avosordis.com\/","title":{"rendered":"Accueil"},"content":{"rendered":"\t\t<div data-elementor-type=\"wp-page\" data-elementor-id=\"39\" class=\"elementor elementor-39\">\n\t\t\t\t\t\t<section class=\"elementor-section elementor-top-section elementor-element elementor-element-01348ba elementor-section-height-min-height elementor-section-boxed elementor-section-height-default elementor-section-items-middle\" data-id=\"01348ba\" data-element_type=\"section\" data-e-type=\"section\" data-settings=\"{&quot;background_background&quot;:&quot;slideshow&quot;,&quot;background_slideshow_gallery&quot;:[{&quot;id&quot;:279,&quot;url&quot;:&quot;https:\\\/\\\/avosordis.com\\\/wp-content\\\/uploads\\\/2021\\\/06\\\/jeff-loucks-yJPtjTjrMXk-unsplash-scaled-e1624439905606.jpg&quot;}],&quot;background_slideshow_loop&quot;:&quot;yes&quot;,&quot;background_slideshow_slide_duration&quot;:5000,&quot;background_slideshow_slide_transition&quot;:&quot;fade&quot;,&quot;background_slideshow_transition_duration&quot;:500}\">\n\t\t\t\t\t\t<div class=\"elementor-container elementor-column-gap-default\">\n\t\t\t\t\t<div class=\"elementor-column elementor-col-100 elementor-top-column elementor-element elementor-element-7a483d9\" data-id=\"7a483d9\" data-element_type=\"column\" data-e-type=\"column\">\n\t\t\t<div class=\"elementor-widget-wrap elementor-element-populated\">\n\t\t\t\t\t\t<div class=\"elementor-element elementor-element-aa40d1c elementor-widget elementor-widget-heading\" data-id=\"aa40d1c\" data-element_type=\"widget\" data-e-type=\"widget\" data-widget_type=\"heading.default\">\n\t\t\t\t<div class=\"elementor-widget-container\">\n\t\t\t\t\t<h2 class=\"elementor-heading-title elementor-size-default\">A Vos Ordis ! <br \/>\nD\u00e9pannage informatique, mat\u00e9riels<br \/>\nreconditionn\u00e9s, pour tous et pr\u00e8s de<br \/>\nchez vous<\/h2>\t\t\t\t<\/div>\n\t\t\t\t<\/div>\n\t\t\t\t<div class=\"elementor-element elementor-element-2db419b elementor-align-center elementor-widget elementor-widget-button\" data-id=\"2db419b\" data-element_type=\"widget\" data-e-type=\"widget\" data-widget_type=\"button.default\">\n\t\t\t\t<div class=\"elementor-widget-container\">\n\t\t\t\t\t\t\t\t\t<div class=\"elementor-button-wrapper\">\n\t\t\t\t\t<a class=\"elementor-button elementor-button-link elementor-size-sm\" href=\"#espaceur\">\n\t\t\t\t\t\t<span class=\"elementor-button-content-wrapper\">\n\t\t\t\t\t\t\t\t\t<span class=\"elementor-button-text\">Qui sommes-nous ?<\/span>\n\t\t\t\t\t<\/span>\n\t\t\t\t\t<\/a>\n\t\t\t\t<\/div>\n\t\t\t\t\t\t\t\t<\/div>\n\t\t\t\t<\/div>\n\t\t\t\t\t<\/div>\n\t\t<\/div>\n\t\t\t\t\t<\/div>\n\t\t<\/section>\n\t\t\t\t<section class=\"elementor-section elementor-top-section elementor-element elementor-element-6fab0bf elementor-section-boxed elementor-section-height-default elementor-section-height-default\" data-id=\"6fab0bf\" data-element_type=\"section\" data-e-type=\"section\" data-settings=\"{&quot;background_background&quot;:&quot;classic&quot;}\">\n\t\t\t\t\t\t<div class=\"elementor-container elementor-column-gap-default\">\n\t\t\t\t\t<div class=\"elementor-column elementor-col-100 elementor-top-column elementor-element elementor-element-d90fc8e\" data-id=\"d90fc8e\" data-element_type=\"column\" data-e-type=\"column\">\n\t\t\t<div class=\"elementor-widget-wrap elementor-element-populated\">\n\t\t\t\t\t\t<div class=\"elementor-element elementor-element-0bd02be elementor-widget elementor-widget-spacer\" data-id=\"0bd02be\" data-element_type=\"widget\" data-e-type=\"widget\" id=\"espaceur\" data-widget_type=\"spacer.default\">\n\t\t\t\t<div class=\"elementor-widget-container\">\n\t\t\t\t\t\t\t<div class=\"elementor-spacer\">\n\t\t\t<div class=\"elementor-spacer-inner\"><\/div>\n\t\t<\/div>\n\t\t\t\t\t\t<\/div>\n\t\t\t\t<\/div>\n\t\t\t\t<div class=\"elementor-element elementor-element-f65b98e elementor-widget elementor-widget-spacer\" data-id=\"f65b98e\" data-element_type=\"widget\" data-e-type=\"widget\" data-widget_type=\"spacer.default\">\n\t\t\t\t<div class=\"elementor-widget-container\">\n\t\t\t\t\t\t\t<div class=\"elementor-spacer\">\n\t\t\t<div class=\"elementor-spacer-inner\"><\/div>\n\t\t<\/div>\n\t\t\t\t\t\t<\/div>\n\t\t\t\t<\/div>\n\t\t\t\t<div class=\"elementor-element elementor-element-c071926 elementor-widget elementor-widget-heading\" data-id=\"c071926\" data-element_type=\"widget\" data-e-type=\"widget\" id=\"titre\" data-widget_type=\"heading.default\">\n\t\t\t\t<div class=\"elementor-widget-container\">\n\t\t\t\t\t<h2 class=\"elementor-heading-title elementor-size-default\">Qui sommes-nous ?<\/h2>\t\t\t\t<\/div>\n\t\t\t\t<\/div>\n\t\t\t\t<div class=\"elementor-element elementor-element-f98c115 elementor-widget elementor-widget-text-editor\" data-id=\"f98c115\" data-element_type=\"widget\" data-e-type=\"widget\" data-widget_type=\"text-editor.default\">\n\t\t\t\t<div class=\"elementor-widget-container\">\n\t\t\t\t\t\t\t\t\t<div id=\"lipsum\">La soci\u00e9t\u00e9 NSTEL, cr\u00e9\u00e9e il y a 18 ans dans la r\u00e9gion parisienne, ouvre <strong>A VOS ORDIS<\/strong> son premier <strong>point de d\u00e9pannage et vente de mat\u00e9riels informatiques neufs ou reconditionn\u00e9s<\/strong>, d\u00e9di\u00e9 au grand public au centre de Lyon.<\/div><br\/>\n<div><strong>A VOS ORDIS<\/strong> propose de <strong>d\u00e9panner, r\u00e9parer, remettre \u00e0 neuf, optimiser<\/strong> vos mat\u00e9riels informatiques avec la possibilit\u00e9 de les personnaliser en fonction de vos besoins.<\/div><br\/>\n<div><strong>A VOS ORDIS<\/strong> distribue aussi les derniers mod\u00e8les et accessoires de grandes marques ainsi qu\u2019une gamme de mat\u00e9riels informatiques d\u00e9di\u00e9e aux s\u00e9niors.<\/div><br\/>\n<div><strong>Vous avez des besoins, nous avons des solutions !<\/strong><\/div>\t\t\t\t\t\t\t\t<\/div>\n\t\t\t\t<\/div>\n\t\t\t\t\t<\/div>\n\t\t<\/div>\n\t\t\t\t\t<\/div>\n\t\t<\/section>\n\t\t\t\t<section class=\"elementor-section elementor-top-section elementor-element elementor-element-12fe0b1 elementor-section-stretched elementor-section-boxed elementor-section-height-default elementor-section-height-default\" data-id=\"12fe0b1\" data-element_type=\"section\" data-e-type=\"section\" data-settings=\"{&quot;stretch_section&quot;:&quot;section-stretched&quot;,&quot;background_background&quot;:&quot;classic&quot;}\">\n\t\t\t\t\t\t<div class=\"elementor-container elementor-column-gap-default\">\n\t\t\t\t\t<div class=\"elementor-column elementor-col-100 elementor-top-column elementor-element elementor-element-393a5f5\" data-id=\"393a5f5\" data-element_type=\"column\" data-e-type=\"column\">\n\t\t\t<div class=\"elementor-widget-wrap elementor-element-populated\">\n\t\t\t\t\t\t<div class=\"elementor-element elementor-element-327e927 elementor-widget elementor-widget-spacer\" data-id=\"327e927\" data-element_type=\"widget\" data-e-type=\"widget\" data-widget_type=\"spacer.default\">\n\t\t\t\t<div class=\"elementor-widget-container\">\n\t\t\t\t\t\t\t<div class=\"elementor-spacer\">\n\t\t\t<div class=\"elementor-spacer-inner\"><\/div>\n\t\t<\/div>\n\t\t\t\t\t\t<\/div>\n\t\t\t\t<\/div>\n\t\t\t\t<div class=\"elementor-element elementor-element-9d011b8 elementor-widget elementor-widget-heading\" data-id=\"9d011b8\" data-element_type=\"widget\" data-e-type=\"widget\" data-widget_type=\"heading.default\">\n\t\t\t\t<div class=\"elementor-widget-container\">\n\t\t\t\t\t<h5 class=\"elementor-heading-title elementor-size-default\">Mat\u00e9riels reconditionn\u00e9s actuellement en vente :<\/h5>\t\t\t\t<\/div>\n\t\t\t\t<\/div>\n\t\t\t\t\t<\/div>\n\t\t<\/div>\n\t\t\t\t\t<\/div>\n\t\t<\/section>\n\t\t\t\t<section class=\"elementor-section elementor-top-section elementor-element elementor-element-efb66e8 elementor-section-boxed elementor-section-height-default elementor-section-height-default\" data-id=\"efb66e8\" data-element_type=\"section\" data-e-type=\"section\">\n\t\t\t\t\t\t<div class=\"elementor-container elementor-column-gap-default\">\n\t\t\t\t\t<div class=\"elementor-column elementor-col-100 elementor-top-column elementor-element elementor-element-8804c62\" data-id=\"8804c62\" data-element_type=\"column\" data-e-type=\"column\">\n\t\t\t<div class=\"elementor-widget-wrap elementor-element-populated\">\n\t\t\t\t\t\t<div class=\"elementor-element elementor-element-3f3ee58 elementor-widget elementor-widget-html\" data-id=\"3f3ee58\" data-element_type=\"widget\" data-e-type=\"widget\" data-widget_type=\"html.default\">\n\t\t\t\t<div class=\"elementor-widget-container\">\n\t\t\t\t\t <iframe src=\"https:\/\/avosordis.com\/index.php\/materiel-reconditionne\/\" height=\"500\" title=\"page-prestations\"><\/iframe> \t\t\t\t<\/div>\n\t\t\t\t<\/div>\n\t\t\t\t\t<\/div>\n\t\t<\/div>\n\t\t\t\t\t<\/div>\n\t\t<\/section>\n\t\t\t\t<\/div>\n\t\t","protected":false},"excerpt":{"rendered":"<p>A Vos Ordis ! D\u00e9pannage informatique, mat\u00e9riels reconditionn\u00e9s, pour tous et pr\u00e8s de chez vous Qui sommes-nous ? Qui sommes-nous ? La soci\u00e9t\u00e9 NSTEL, cr\u00e9\u00e9e il y a 18 ans dans la r\u00e9gion parisienne, ouvre A VOS ORDIS son premier point de d\u00e9pannage et vente de mat\u00e9riels informatiques neufs ou reconditionn\u00e9s, d\u00e9di\u00e9 au grand public&#8230;<\/p>\n","protected":false},"author":1,"featured_media":0,"parent":0,"menu_order":0,"comment_status":"closed","ping_status":"closed","template":"","meta":{"_kad_post_transparent":"","_kad_post_title":"hide","_kad_post_layout":"fullwidth","_kad_post_sidebar_id":"","_kad_post_content_style":"unboxed","_kad_post_vertical_padding":"hide","_kad_post_feature":"hide","_kad_post_feature_position":"","_kad_post_header":false,"_kad_post_footer":false,"footnotes":""},"class_list":["post-39","page","type-page","status-publish","hentry"],"_links":{"self":[{"href":"https:\/\/avosordis.com\/index.php\/wp-json\/wp\/v2\/pages\/39","targetHints":{"allow":["GET"]}}],"collection":[{"href":"https:\/\/avosordis.com\/index.php\/wp-json\/wp\/v2\/pages"}],"about":[{"href":"https:\/\/avosordis.com\/index.php\/wp-json\/wp\/v2\/types\/page"}],"author":[{"embeddable":true,"href":"https:\/\/avosordis.com\/index.php\/wp-json\/wp\/v2\/users\/1"}],"replies":[{"embeddable":true,"href":"https:\/\/avosordis.com\/index.php\/wp-json\/wp\/v2\/comments?post=39"}],"version-history":[{"count":46,"href":"https:\/\/avosordis.com\/index.php\/wp-json\/wp\/v2\/pages\/39\/revisions"}],"predecessor-version":[{"id":548,"href":"https:\/\/avosordis.com\/index.php\/wp-json\/wp\/v2\/pages\/39\/revisions\/548"}],"wp:attachment":[{"href":"https:\/\/avosordis.com\/index.php\/wp-json\/wp\/v2\/media?parent=39"}],"curies":[{"name":"wp","href":"https:\/\/api.w.org\/{rel}","templated":true}]}}